{"id":2,"date":"2017-09-30T03:38:25","date_gmt":"2017-09-30T03:38:25","guid":{"rendered":"http:\/\/localhost\/beha\/4vietduc\/?page_id=2"},"modified":"2020-12-16T11:30:17","modified_gmt":"2020-12-16T04:30:17","slug":"gioi-thieu","status":"publish","type":"page","link":"https:\/\/codiseahotel.com\/fr\/about","title":{"rendered":"PR\u00c9SENTATION"},"content":{"rendered":"<p><\/p>\n<h1 style=\"text-align: justify;\"><span style=\"font-weight: 400; font-size: 14pt;\">Le CODI SEA Hotel est un nouvel h\u00f4tel de avec un style moderne et jeune situ\u00e9 dans le centre touristique de Da Nang.\u00a0<\/span><span style=\"font-weight: 400; font-size: 14pt;\">Il se trouve \u00e0 2 minutes \u00e0 pied de la plage de My Khe, \u00e0 2 minutes \u00e0 pied du march\u00e9 local, \u00e0 1,5 km du pont du Dragon et du pont Song Han, \u00e0 4 km de l\u2019a\u00e9roport.<\/span><\/h1>\n<h1 style=\"text-align: justify;\"><span style=\"font-weight: 400; font-size: 14pt;\">Nous avons 25 chambres avec fen\u00eatre qui donne sur la mer ou la ville: 2 appartements, 2 chambres lune de miel, 10 chambres doubles et 11 chambres simples \u00e9quip\u00e9es de: Climatiseur, r\u00e9frig\u00e9rateur, smart TV, chauffe-eau, s\u00e8che-cheveux, &#8230;. Wifi, eau potable et informations de voyage gratuites.<\/span><\/h1>\n<p style=\"text-align: center;\"><img loading=\"lazy\" decoding=\"async\" class=\"aligncenter size-full wp-image-1108\" src=\"http:\/\/codiseahotel.com\/wp-content\/uploads\/2020\/01\/phong-doi-3-1.jpg\" alt=\"\" width=\"2048\" height=\"1366\" srcset=\"https:\/\/codiseahotel.com\/wp-content\/uploads\/2020\/01\/phong-doi-3-1.jpg 2048w, https:\/\/codiseahotel.com\/wp-content\/uploads\/2020\/01\/phong-doi-3-1-768x512.jpg 768w\" sizes=\"auto, (max-width: 706px) 89vw, (max-width: 767px) 82vw, 740px\" \/><\/p>\n<h1 style=\"text-align: justify;\"><span style=\"font-weight: 400; font-size: 14pt;\">Au rez-de-chauss\u00e9e, CODI SEA Travel fournit des services touristiques:<\/span><\/h1>\n<ul>\n<li style=\"text-align: justify;\"><span style=\"font-weight: 400; font-size: 14pt;\">Location de voitures autonomes, de voitures avec chauffeur.<\/span><\/li>\n<li style=\"text-align: justify;\"><span style=\"font-weight: 400; font-size: 14pt;\">Location de motos\u00a0: moto automatique et semi-automatique de toute sorte. \u00a0<\/span><\/li>\n<li style=\"text-align: justify;\"><span style=\"font-weight: 400; font-size: 14pt;\">Les billets de bus qui partent pour les provinces du Vietnam et au Laos, au Cambodge.<\/span><\/li>\n<li style=\"text-align: justify;\"><span style=\"font-weight: 400; font-size: 14pt;\">Billets d\u2019entr\u00e9e: t\u00e9l\u00e9ph\u00e9rique de Ba Na Hills, Asia Park, Vinpearl, sources thermales de Than Tai, mus\u00e9e de la peinture en 3D, croisi\u00e8re sur la rivi\u00e8re Han &#8230;.<\/span><\/li>\n<li style=\"text-align: justify;\"><span style=\"font-weight: 400; font-size: 14pt;\">Voyage quotidien \u00e0 forfait aux points d\u2019attraction de Da Nang, Hoi An, Hue, Sapa et Ha Long, ..<\/span><\/li>\n<\/ul>\n<h1 style=\"text-align: justify;\"><span style=\"font-weight: 400; font-size: 14pt;\">Si vous venez \u00e0 Da Nang, il vous suffit de choisir CODI SEA, nous nous engageons \u00e0 vous fournir une gamme compl\u00e8te d\u2019installations et d\u2019attitudes professionnelles avec les services les plus adapt\u00e9s \u00e0 votre voyage pendant votre s\u00e9jour \u00e0 Da Nang.<\/span><\/h1>\n<h1 style=\"text-align: justify;\"><span style=\"font-weight: 400; font-size: 14pt;\">Merci beaucoup et nous serions heureux de vous accueillir\u00a0! \u00a0<\/span><\/h1>\n<table style=\"height: 109px;\" width=\"808\">\n<tbody>\n<tr>\n<td style=\"width: 231px;\"><img loading=\"lazy\" decoding=\"async\" class=\"aligncenter wp-image-427\" src=\"http:\/\/codiseahotel.com\/wp-content\/uploads\/2018\/12\/luu-ban-nhap-tu-dong-4.jpg\" alt=\"\" width=\"167\" height=\"90\" srcset=\"https:\/\/codiseahotel.com\/wp-content\/uploads\/2018\/12\/luu-ban-nhap-tu-dong-4.jpg 2049w, https:\/\/codiseahotel.com\/wp-content\/uploads\/2018\/12\/luu-ban-nhap-tu-dong-4-768x415.jpg 768w\" sizes=\"auto, (max-width: 167px) 100vw, 167px\" \/><\/td>\n<td style=\"width: 561px;\">\n<h2><strong>C\u00d4NG TY TNHH CODI SEA<\/strong><\/h2>\n<p>\u0110C: 217 H\u1ed3 Nghinh, Ph\u01b0\u1edbc M\u1ef9, S\u01a1n Tr\u00e0, \u0110\u00e0 N\u1eb5ng<\/p>\n<p>Hotline: 0927 188345 \u2013 0903 530088<\/p>\n<p>Email: <a href=\"mailto:diem.codisea@gmail.com\">diem.codisea@gmail.com<\/a>\u00a0\u00a0\u00a0\u00a0\u00a0\u00a0\u00a0\u00a0\u00a0\u00a0 Web: codiseahotel.com<\/td>\n<\/tr>\n<\/tbody>\n<\/table>\n<p>&nbsp;<\/p>","protected":false},"excerpt":{"rendered":"<p>Le CODI SEA Hotel est un nouvel h\u00f4tel de avec un style moderne et jeune situ\u00e9 dans le centre touristique de Da Nang.\u00a0Il se trouve \u00e0 2 minutes \u00e0 pied de la plage de My Khe, \u00e0 2 minutes \u00e0 pied du march\u00e9 local, \u00e0 1,5 km du pont du Dragon et du pont Song Han, \u00e0 4 km de l\u2019a\u00e9roport. Nous avons 25 chambres avec fen\u00eatre qui donne sur la mer ou la ville: 2 appartements, 2 chambres lune de miel, 10 chambres doubles et 11 chambres simples \u00e9quip\u00e9es de: Climatiseur, r\u00e9frig\u00e9rateur, smart TV, chauffe-eau, s\u00e8che-cheveux, &#8230;. Wifi, eau potable et informations de voyage gratuites. Au rez-de-chauss\u00e9e, CODI SEA Travel fournit des services touristiques: Location de voitures autonomes, de voitures avec chauffeur. Location de motos\u00a0: moto automatique et semi-automatique de toute sorte. \u00a0 Les billets de bus qui partent pour les provinces du Vietnam et au Laos, au Cambodge. Billets d\u2019entr\u00e9e: t\u00e9l\u00e9ph\u00e9rique de Ba Na Hills, Asia Park, Vinpearl, sources thermales de Than Tai, mus\u00e9e de la peinture en 3D, croisi\u00e8re sur la rivi\u00e8re Han &#8230;. Voyage quotidien \u00e0 forfait aux points d\u2019attraction de Da Nang, Hoi An, Hue, Sapa et Ha Long, .. Si vous venez \u00e0 Da Nang, il vous suffit de choisir CODI SEA, nous nous engageons \u00e0 vous fournir une gamme compl\u00e8te d\u2019installations et d\u2019attitudes professionnelles avec les services les plus adapt\u00e9s \u00e0 votre voyage pendant votre s\u00e9jour \u00e0 Da Nang. Merci beaucoup et nous serions heureux de vous accueillir\u00a0! \u00a0 C\u00d4NG TY TNHH CODI SEA \u0110C: 217 H\u1ed3 Nghinh, Ph\u01b0\u1edbc M\u1ef9, S\u01a1n Tr\u00e0, \u0110\u00e0 N\u1eb5ng Hotline: 0927 188345 \u2013 0903 530088 Email: diem.codisea@gmail.com\u00a0\u00a0\u00a0\u00a0\u00a0\u00a0\u00a0\u00a0\u00a0\u00a0 Web: codiseahotel.com &nbsp;<\/p>\n","protected":false},"author":16,"featured_media":1112,"parent":0,"menu_order":0,"comment_status":"closed","ping_status":"closed","template":"","meta":{"footnotes":""},"class_list":["post-2","page","type-page","status-publish","has-post-thumbnail","hentry"],"aioseo_notices":[],"_links":{"self":[{"href":"https:\/\/codiseahotel.com\/fr\/wp-json\/wp\/v2\/pages\/2","targetHints":{"allow":["GET"]}}],"collection":[{"href":"https:\/\/codiseahotel.com\/fr\/wp-json\/wp\/v2\/pages"}],"about":[{"href":"https:\/\/codiseahotel.com\/fr\/wp-json\/wp\/v2\/types\/page"}],"author":[{"embeddable":true,"href":"https:\/\/codiseahotel.com\/fr\/wp-json\/wp\/v2\/users\/16"}],"replies":[{"embeddable":true,"href":"https:\/\/codiseahotel.com\/fr\/wp-json\/wp\/v2\/comments?post=2"}],"version-history":[{"count":17,"href":"https:\/\/codiseahotel.com\/fr\/wp-json\/wp\/v2\/pages\/2\/revisions"}],"predecessor-version":[{"id":1139,"href":"https:\/\/codiseahotel.com\/fr\/wp-json\/wp\/v2\/pages\/2\/revisions\/1139"}],"wp:featuredmedia":[{"embeddable":true,"href":"https:\/\/codiseahotel.com\/fr\/wp-json\/wp\/v2\/media\/1112"}],"wp:attachment":[{"href":"https:\/\/codiseahotel.com\/fr\/wp-json\/wp\/v2\/media?parent=2"}],"curies":[{"name":"wp","href":"https:\/\/api.w.org\/{rel}","templated":true}]}}