{"id":2,"date":"2017-09-30T03:38:25","date_gmt":"2017-09-30T03:38:25","guid":{"rendered":"http:\/\/localhost\/beha\/4vietduc\/?page_id=2"},"modified":"2020-12-16T11:30:17","modified_gmt":"2020-12-16T04:30:17","slug":"gioi-thieu","status":"publish","type":"page","link":"https:\/\/codiseahotel.com\/en\/about","title":{"rendered":"ABOUT"},"content":{"rendered":"<p><\/p>\n<h1 style=\"text-align: justify;\"><span style=\"font-size: 12pt;\"><span style=\"font-weight: 400;\"><strong>CODI SEA Hotel<\/strong> is a new hotel which has young and modern style. It is located in Da Nang tourism central area.\u00a0<\/span><span style=\"font-weight: 400;\">From CODI SEA, it takes 2 minutes to walk to My Khe Beach, 2 minutes to walk to local market. It is 1.5km from Dragon Bridge and Han River Bridge. It is also 4km <a href=\"http:\/\/codiseahotel.com\/en\/about\">xem th\u00eam<\/a> from the airport.<\/span><\/span><\/h1>\n<p style=\"text-align: center;\"><img loading=\"lazy\" decoding=\"async\" class=\"aligncenter size-full wp-image-1107\" src=\"http:\/\/codiseahotel.com\/wp-content\/uploads\/2020\/01\/phong-doi-7-2.jpg\" alt=\"\" width=\"2048\" height=\"1366\" srcset=\"https:\/\/codiseahotel.com\/wp-content\/uploads\/2020\/01\/phong-doi-7-2.jpg 2048w, https:\/\/codiseahotel.com\/wp-content\/uploads\/2020\/01\/phong-doi-7-2-768x512.jpg 768w\" sizes=\"auto, (max-width: 706px) 89vw, (max-width: 767px) 82vw, 740px\" \/><\/p>\n<h1 style=\"text-align: justify;\"><span style=\"font-size: 12pt;\"><span style=\"font-weight: 400;\">We have 25 rooms which have windows so that you may watch the sea or street. They include 2 flats, 2 honeymoon rooms, 10 double rooms and 11 single rooms. All the rooms are equipped with: air-conditioner, fridge, Smart-TV, water heater, shower, dryer\u2026 Wifi, drinking water and tourism information are free.<\/span><\/span><\/h1>\n<p style=\"text-align: justify;\"><strong><span style=\"font-size: 14pt;\">In bottom floor, CODI SEA Travel provides tourism services:<\/span><\/strong><\/p>\n<ul>\n<li style=\"text-align: justify;\"><span style=\"font-size: 12pt;\"><span style=\"font-weight: 400;\">Car rental for self-driving, car rental with driver.<\/span><\/span><\/li>\n<li style=\"text-align: justify;\"><span style=\"font-size: 12pt;\"><span style=\"font-weight: 400;\">Bike rental: types of motorbike, scooter.<\/span><\/span><\/li>\n<li style=\"text-align: justify;\"><span style=\"font-size: 12pt;\"><span style=\"font-weight: 400;\">Bus ticket with at-premise-pick-up travelling to provinces of Vietnam and to Laos, Cambodia.<\/span><\/span><\/li>\n<li style=\"text-align: justify;\"><span style=\"font-size: 12pt;\"><span style=\"font-weight: 400;\">Entrance ticket: Ba Na Hills Cable car, Asia Park, VinPearl, Than Tai hot mineral springs, 3D pictures museum, yacht on Han River.<\/span><\/span><\/li>\n<li style=\"text-align: justify;\"><span style=\"font-size: 12pt;\"><span style=\"font-weight: 400;\">Provide all in one daily \u00a0tour to sightseeing points in Da Nang, Hoi An, Hue, Sa Pa and Ha Long\u2026<\/span><\/span><\/li>\n<\/ul>\n<h1 style=\"text-align: justify;\"><span style=\"font-size: 12pt;\"><span style=\"font-weight: 400;\">Coming to Da Nang, you just need to choose CODI SEA. We commit to provide facilities, professional attitude with the most suitable services for your travel during your time in Da Nang.<\/span><\/span><\/h1>\n<h1 style=\"text-align: justify;\"><span style=\"font-size: 12pt;\"><em><span style=\"font-weight: 400;\">Sincerely thank! It is our pleasure to serve you!<\/span><\/em><\/span><\/h1>\n<table style=\"height: 109px;\" width=\"808\">\n<tbody>\n<tr>\n<td style=\"width: 231px;\"><img loading=\"lazy\" decoding=\"async\" class=\"aligncenter wp-image-427\" src=\"http:\/\/codiseahotel.com\/wp-content\/uploads\/2018\/12\/luu-ban-nhap-tu-dong-4.jpg\" alt=\"\" width=\"167\" height=\"90\" srcset=\"https:\/\/codiseahotel.com\/wp-content\/uploads\/2018\/12\/luu-ban-nhap-tu-dong-4.jpg 2049w, https:\/\/codiseahotel.com\/wp-content\/uploads\/2018\/12\/luu-ban-nhap-tu-dong-4-768x415.jpg 768w\" sizes=\"auto, (max-width: 167px) 100vw, 167px\" \/><\/td>\n<td style=\"width: 561px;\">\n<h2><strong>C\u00d4NG TY TNHH CODI SEA<\/strong><\/h2>\n<p>\u0110C: 217 H\u1ed3 Nghinh, Ph\u01b0\u1edbc M\u1ef9, S\u01a1n Tr\u00e0, \u0110\u00e0 N\u1eb5ng<\/p>\n<p>Hotline: 0927 188345 \u2013 0903 530088<\/p>\n<p>Email: <a href=\"mailto:diem.codisea@gmail.com\">diem.codisea@gmail.com<\/a><\/p>\n<p>Web: codiseahotel.com<\/td>\n<\/tr>\n<\/tbody>\n<\/table>\n<p><\/p>","protected":false},"excerpt":{"rendered":"<p>CODI SEA Hotel is a new hotel which has young and modern style. It is located in Da Nang tourism central area.\u00a0From CODI SEA, it takes 2 minutes to walk to My Khe Beach, 2 minutes to walk to local market. It is 1.5km from Dragon Bridge and Han River Bridge. It is also 4km xem th\u00eam from the airport. We have 25 rooms which have windows so that you may watch the sea or street. They include 2 flats, 2 honeymoon rooms, 10 double rooms and 11 single rooms. All the rooms are equipped with: air-conditioner, fridge, Smart-TV, water heater, shower, dryer\u2026 Wifi, drinking water and tourism information are free. In bottom floor, CODI SEA Travel provides tourism services: Car rental for self-driving, car rental with driver. Bike rental: types of motorbike, scooter. Bus ticket with at-premise-pick-up travelling to provinces of Vietnam and to Laos, Cambodia. Entrance ticket: Ba Na Hills Cable car, Asia Park, VinPearl, Than Tai hot mineral springs, 3D pictures museum, yacht on Han River. Provide all in one daily \u00a0tour to sightseeing points in Da Nang, Hoi An, Hue, Sa Pa and Ha Long\u2026 Coming to Da Nang, you just need to choose CODI SEA. We commit to provide facilities, professional attitude with the most suitable services for your travel during your time in Da Nang. Sincerely thank! It is our pleasure to serve you! C\u00d4NG TY TNHH CODI SEA \u0110C: 217 H\u1ed3 Nghinh, Ph\u01b0\u1edbc M\u1ef9, S\u01a1n Tr\u00e0, \u0110\u00e0 N\u1eb5ng Hotline: 0927 188345 \u2013 0903 530088 Email: diem.codisea@gmail.com Web: codiseahotel.com<\/p>\n","protected":false},"author":16,"featured_media":1112,"parent":0,"menu_order":0,"comment_status":"closed","ping_status":"closed","template":"","meta":{"footnotes":""},"class_list":["post-2","page","type-page","status-publish","has-post-thumbnail","hentry"],"aioseo_notices":[],"_links":{"self":[{"href":"https:\/\/codiseahotel.com\/en\/wp-json\/wp\/v2\/pages\/2","targetHints":{"allow":["GET"]}}],"collection":[{"href":"https:\/\/codiseahotel.com\/en\/wp-json\/wp\/v2\/pages"}],"about":[{"href":"https:\/\/codiseahotel.com\/en\/wp-json\/wp\/v2\/types\/page"}],"author":[{"embeddable":true,"href":"https:\/\/codiseahotel.com\/en\/wp-json\/wp\/v2\/users\/16"}],"replies":[{"embeddable":true,"href":"https:\/\/codiseahotel.com\/en\/wp-json\/wp\/v2\/comments?post=2"}],"version-history":[{"count":30,"href":"https:\/\/codiseahotel.com\/en\/wp-json\/wp\/v2\/pages\/2\/revisions"}],"predecessor-version":[{"id":1139,"href":"https:\/\/codiseahotel.com\/en\/wp-json\/wp\/v2\/pages\/2\/revisions\/1139"}],"wp:featuredmedia":[{"embeddable":true,"href":"https:\/\/codiseahotel.com\/en\/wp-json\/wp\/v2\/media\/1112"}],"wp:attachment":[{"href":"https:\/\/codiseahotel.com\/en\/wp-json\/wp\/v2\/media?parent=2"}],"curies":[{"name":"wp","href":"https:\/\/api.w.org\/{rel}","templated":true}]}}